{"id":3,"date":"2025-08-26T21:07:42","date_gmt":"2025-08-26T19:07:42","guid":{"rendered":"http:\/\/fabrybau.de\/?page_id=3"},"modified":"2025-08-29T07:12:22","modified_gmt":"2025-08-29T05:12:22","slug":"datenschutzerklaerung","status":"publish","type":"page","link":"https:\/\/fabrybau.de\/?page_id=3","title":{"rendered":"Datenschutzerkl\u00e4rung"},"content":{"rendered":"\t\t<div data-elementor-type=\"wp-page\" data-elementor-id=\"3\" class=\"elementor elementor-3\">\n\t\t\t\t<div class=\"elementor-element elementor-element-10bbe7cb e-flex e-con-boxed e-con e-parent\" data-id=\"10bbe7cb\" data-element_type=\"container\">\n\t\t\t\t\t<div class=\"e-con-inner\">\n\t\t\t\t<div class=\"elementor-element elementor-element-539fa4b8 elementor-widget elementor-widget-text-editor\" data-id=\"539fa4b8\" data-element_type=\"widget\" data-widget_type=\"text-editor.default\">\n\t\t\t\t\t\t\t\t\t<h2 data-start=\"371\" data-end=\"395\">1. Verantwortlicher<\/h2><p data-start=\"396\" data-end=\"481\">Verantwortlich f\u00fcr die Verarbeitung personenbezogener Daten auf dieser Website ist:<\/p><p data-start=\"483\" data-end=\"587\"><strong data-start=\"483\" data-end=\"523\">Fabrybau \u2013 Trockenbau &amp; Bautenschutz<\/strong><br data-start=\"523\" data-end=\"526\" \/>Inhaber: <strong data-start=\"535\" data-end=\"551\">Tobias Fabry<\/strong><br data-start=\"551\" data-end=\"554\" \/>Ziegelgartenstra\u00dfe 1\/1<br \/>71665 Vaihingen Enz<\/p><p data-start=\"589\" data-end=\"682\">Mobil: 0152 \/ 03 34 89 15<br data-start=\"617\" data-end=\"620\" \/>E-Mail: <a class=\"decorated-link cursor-pointer\" rel=\"noopener\" data-start=\"631\" data-end=\"680\">t.fabry@fabrybau.de<\/a><\/p><hr data-start=\"684\" data-end=\"687\" \/><h2 data-start=\"689\" data-end=\"745\">2. Erhebung und Speicherung personenbezogener Daten<\/h2><p data-start=\"746\" data-end=\"867\">Beim Besuch unserer Website werden automatisch Informationen durch den Browser an den Server \u00fcbermittelt. Dazu geh\u00f6ren:<\/p><ul data-start=\"868\" data-end=\"980\"><li data-start=\"868\" data-end=\"882\"><p data-start=\"870\" data-end=\"882\">IP-Adresse<\/p><\/li><li data-start=\"883\" data-end=\"916\"><p data-start=\"885\" data-end=\"916\">Datum und Uhrzeit der Anfrage<\/p><\/li><li data-start=\"917\" data-end=\"944\"><p data-start=\"919\" data-end=\"944\">Browsertyp und -version<\/p><\/li><li data-start=\"945\" data-end=\"963\"><p data-start=\"947\" data-end=\"963\">Betriebssystem<\/p><\/li><li data-start=\"964\" data-end=\"980\"><p data-start=\"966\" data-end=\"980\">Referrer-URL<\/p><\/li><\/ul><p data-start=\"982\" data-end=\"1176\">Diese Daten dienen ausschlie\u00dflich der Sicherstellung eines st\u00f6rungsfreien Betriebs sowie zur Verbesserung unseres Angebots. Eine Zusammenf\u00fchrung dieser Daten mit anderen Quellen erfolgt nicht.<\/p><hr data-start=\"1178\" data-end=\"1181\" \/><h2 data-start=\"1183\" data-end=\"1219\">3. Nutzung des Kontaktformulars<\/h2><p data-start=\"1220\" data-end=\"1439\">Wenn Sie uns \u00fcber das Kontaktformular oder per E-Mail kontaktieren, verarbeiten wir die von Ihnen eingegebenen Daten (z. B. Name, Telefonnummer, E-Mail-Adresse, Nachricht) ausschlie\u00dflich zur Bearbeitung Ihrer Anfrage.<\/p><p data-start=\"1441\" data-end=\"1539\">Rechtsgrundlage: <strong data-start=\"1458\" data-end=\"1488\">Art. 6 Abs. 1 lit. b DSGVO<\/strong> (Vertragserf\u00fcllung \/ vorvertragliche Ma\u00dfnahmen).<\/p><hr data-start=\"1541\" data-end=\"1544\" \/><h2 data-start=\"1546\" data-end=\"1574\">4. Weitergabe von Daten<\/h2><p data-start=\"1575\" data-end=\"1732\">Ihre pers\u00f6nlichen Daten werden <strong data-start=\"1606\" data-end=\"1639\">nicht an Dritte weitergegeben<\/strong>, es sei denn, dies ist gesetzlich vorgeschrieben oder zur Vertragsabwicklung erforderlich.<\/p><hr data-start=\"1734\" data-end=\"1737\" \/><h2 data-start=\"1739\" data-end=\"1760\">5. Speicherdauer<\/h2><p data-start=\"1761\" data-end=\"1923\">Wir speichern personenbezogene Daten nur so lange, wie es zur Bearbeitung Ihrer Anfrage oder zur Erf\u00fcllung gesetzlicher Aufbewahrungspflichten erforderlich ist.<\/p><hr data-start=\"1925\" data-end=\"1928\" \/><h2 data-start=\"1930\" data-end=\"1949\">6. Ihre Rechte<\/h2><p data-start=\"1950\" data-end=\"1988\">Sie haben jederzeit folgende Rechte:<\/p><ul data-start=\"1989\" data-end=\"2282\"><li data-start=\"1989\" data-end=\"2046\"><p data-start=\"1991\" data-end=\"2046\">Auskunft \u00fcber die gespeicherten Daten (Art. 15 DSGVO)<\/p><\/li><li data-start=\"2047\" data-end=\"2094\"><p data-start=\"2049\" data-end=\"2094\">Berichtigung falscher Daten (Art. 16 DSGVO)<\/p><\/li><li data-start=\"2095\" data-end=\"2135\"><p data-start=\"2097\" data-end=\"2135\">L\u00f6schung Ihrer Daten (Art. 17 DSGVO)<\/p><\/li><li data-start=\"2136\" data-end=\"2186\"><p data-start=\"2138\" data-end=\"2186\">Einschr\u00e4nkung der Verarbeitung (Art. 18 DSGVO)<\/p><\/li><li data-start=\"2187\" data-end=\"2227\"><p data-start=\"2189\" data-end=\"2227\">Daten\u00fcbertragbarkeit (Art. 20 DSGVO)<\/p><\/li><li data-start=\"2228\" data-end=\"2282\"><p data-start=\"2230\" data-end=\"2282\">Widerspruch gegen die Verarbeitung (Art. 21 DSGVO)<\/p><\/li><\/ul><p data-start=\"2284\" data-end=\"2385\">Hierzu k\u00f6nnen Sie sich direkt an uns wenden:<br data-start=\"2328\" data-end=\"2331\" \/>\ud83d\udce7 <a class=\"decorated-link cursor-pointer\" rel=\"noopener\" data-start=\"2334\" data-end=\"2383\">t.fabry@fabrybau.de<\/a><\/p><hr data-start=\"2387\" data-end=\"2390\" \/><h2 data-start=\"2392\" data-end=\"2410\">7. Sicherheit<\/h2><p data-start=\"2411\" data-end=\"2549\">Wir setzen technische und organisatorische Ma\u00dfnahmen ein, um Ihre Daten gegen Verlust, Manipulation oder unbefugten Zugriff zu sch\u00fctzen.<\/p><hr data-start=\"2551\" data-end=\"2554\" \/><h2 data-start=\"2556\" data-end=\"2599\">8. Einsatz von Cookies &amp; Analyse-Tools<\/h2><p data-start=\"2600\" data-end=\"2888\">Falls die Website Cookies oder Analyse-Tools (z. B. Google Analytics) nutzt, muss dies hier konkret erg\u00e4nzt werden.<br data-start=\"2715\" data-end=\"2718\" \/><em data-start=\"2718\" data-end=\"2886\">(Hinweis: Wenn du aktuell keine Tracking-Tools nutzt, reicht es, diesen Punkt zu streichen oder nur \u201eEs werden keine Cookies\/Tracking-Tools eingesetzt\u201c zu schreiben.)<\/em><\/p><hr data-start=\"2890\" data-end=\"2893\" \/><h2 data-start=\"2895\" data-end=\"2941\">9. \u00c4nderungen dieser Datenschutzerkl\u00e4rung<\/h2><p data-start=\"2942\" data-end=\"3070\">Wir behalten uns vor, die Datenschutzerkl\u00e4rung anzupassen, damit sie stets den aktuellen rechtlichen Anforderungen entspricht.<\/p><hr data-start=\"3072\" data-end=\"3075\" \/><p data-start=\"3077\" data-end=\"3378\">\u00a0<\/p>\t\t\t\t\t\t\t\t<\/div>\n\t\t\t\t\t<\/div>\n\t\t\t\t<\/div>\n\t\t\t\t<\/div>\n\t\t","protected":false},"excerpt":{"rendered":"<p>1. Verantwortlicher Verantwortlich f\u00fcr die Verarbeitung personenbezogener Daten auf dieser Website ist: Fabrybau \u2013 Trockenbau &amp; BautenschutzInhaber: Tobias FabryZiegelgartenstra\u00dfe 1\/171665 Vaihingen Enz Mobil: 0152 \/ 03 34 89 15E-Mail: t.fabry@fabrybau.de 2. Erhebung und Speicherung personenbezogener Daten Beim Besuch unserer Website werden automatisch Informationen durch den Browser an den Server \u00fcbermittelt. Dazu geh\u00f6ren: IP-Adresse Datum und&#8230;<\/p>\n","protected":false},"author":1,"featured_media":0,"parent":0,"menu_order":0,"comment_status":"closed","ping_status":"open","template":"","meta":{"_kadence_starter_templates_imported_post":false,"_kad_post_transparent":"","_kad_post_title":"","_kad_post_layout":"","_kad_post_sidebar_id":"","_kad_post_content_style":"","_kad_post_vertical_padding":"","_kad_post_feature":"","_kad_post_feature_position":"","_kad_post_header":false,"_kad_post_footer":false,"footnotes":""},"class_list":["post-3","page","type-page","status-publish","hentry"],"_links":{"self":[{"href":"https:\/\/fabrybau.de\/index.php?rest_route=\/wp\/v2\/pages\/3","targetHints":{"allow":["GET"]}}],"collection":[{"href":"https:\/\/fabrybau.de\/index.php?rest_route=\/wp\/v2\/pages"}],"about":[{"href":"https:\/\/fabrybau.de\/index.php?rest_route=\/wp\/v2\/types\/page"}],"author":[{"embeddable":true,"href":"https:\/\/fabrybau.de\/index.php?rest_route=\/wp\/v2\/users\/1"}],"replies":[{"embeddable":true,"href":"https:\/\/fabrybau.de\/index.php?rest_route=%2Fwp%2Fv2%2Fcomments&post=3"}],"version-history":[{"count":6,"href":"https:\/\/fabrybau.de\/index.php?rest_route=\/wp\/v2\/pages\/3\/revisions"}],"predecessor-version":[{"id":114,"href":"https:\/\/fabrybau.de\/index.php?rest_route=\/wp\/v2\/pages\/3\/revisions\/114"}],"wp:attachment":[{"href":"https:\/\/fabrybau.de\/index.php?rest_route=%2Fwp%2Fv2%2Fmedia&parent=3"}],"curies":[{"name":"wp","href":"https:\/\/api.w.org\/{rel}","templated":true}]}}