{"id":85,"date":"2025-08-28T13:23:52","date_gmt":"2025-08-28T11:23:52","guid":{"rendered":"https:\/\/fabrybau.de\/?page_id=85"},"modified":"2025-09-14T09:29:08","modified_gmt":"2025-09-14T07:29:08","slug":"impressum","status":"publish","type":"page","link":"https:\/\/fabrybau.de\/?page_id=85","title":{"rendered":"Impressum"},"content":{"rendered":"\t\t<div data-elementor-type=\"wp-page\" data-elementor-id=\"85\" class=\"elementor elementor-85\">\n\t\t\t\t<div class=\"elementor-element elementor-element-10bbe7cb e-flex e-con-boxed e-con e-parent\" data-id=\"10bbe7cb\" data-element_type=\"container\">\n\t\t\t\t\t<div class=\"e-con-inner\">\n\t\t\t\t<div class=\"elementor-element elementor-element-539fa4b8 elementor-widget elementor-widget-text-editor\" data-id=\"539fa4b8\" data-element_type=\"widget\" data-widget_type=\"text-editor.default\">\n\t\t\t\t\t\t\t\t\t<p data-start=\"215\" data-end=\"305\"><strong data-start=\"215\" data-end=\"255\">Fabrybau \u2013 Trockenbau &amp; Bautenschutz<\/strong><br data-start=\"255\" data-end=\"258\" \/>Einzelunternehmen<br data-start=\"275\" data-end=\"278\" \/>Inhaber: <strong data-start=\"287\" data-end=\"303\">Tobias Fabry<\/strong><\/p><p data-start=\"307\" data-end=\"353\">Ziegelgartenstra\u00dfe 1\/1<br data-start=\"329\" data-end=\"332\" \/>71665 Vaihingen Enz<\/p><p data-start=\"355\" data-end=\"448\">Mobil: 0152 \/ 03 34 89 15<br data-start=\"383\" data-end=\"386\" \/>E-Mail: <a rel=\"noopener\" data-start=\"397\" data-end=\"446\">t.fabry@fabrybau.de<\/a><\/p><hr data-start=\"450\" data-end=\"453\" \/><h3 data-start=\"455\" data-end=\"512\">Verantwortlich f\u00fcr den Inhalt nach \u00a7 55 Abs. 2 RStV<\/h3><p data-start=\"513\" data-end=\"578\"><strong data-start=\"513\" data-end=\"529\">Tobias Fabry<\/strong><br data-start=\"529\" data-end=\"532\" \/>Ziegelgartenstra\u00dfe 1\/1<br data-start=\"554\" data-end=\"557\" \/>71665 Vaihingen Enz<\/p><hr data-start=\"580\" data-end=\"583\" \/><h3 data-start=\"585\" data-end=\"608\">Zust\u00e4ndige Kammer<\/h3><p data-start=\"609\" data-end=\"647\"><strong data-start=\"609\" data-end=\"645\">Handwerkskammer Region Stuttgart<\/strong><\/p><hr data-start=\"649\" data-end=\"652\" \/><h3 data-start=\"654\" data-end=\"672\">Umsatzsteuer<\/h3><p data-start=\"673\" data-end=\"733\">USt-IdNr.: <strong data-start=\"684\" data-end=\"699\">DE360808362<\/strong><br data-start=\"699\" data-end=\"702\" \/>Steuernummer: <strong data-start=\"716\" data-end=\"731\">55117\/76348<\/strong><\/p><p data-start=\"673\" data-end=\"733\"><strong data-start=\"716\" data-end=\"731\">\u00a0<\/strong><\/p><p data-start=\"673\" data-end=\"733\"><strong data-start=\"716\" data-end=\"731\">\u00a0<\/strong><\/p><hr data-start=\"735\" data-end=\"738\" \/><h3 data-start=\"740\" data-end=\"764\">Haftungsausschluss<\/h3><p data-start=\"766\" data-end=\"965\"><strong data-start=\"766\" data-end=\"789\">Haftung f\u00fcr Inhalte<\/strong><br data-start=\"789\" data-end=\"792\" \/>Die Inhalte unserer Seiten wurden mit gr\u00f6\u00dfter Sorgfalt erstellt. F\u00fcr die Richtigkeit, Vollst\u00e4ndigkeit und Aktualit\u00e4t der Inhalte k\u00f6nnen wir jedoch keine Gew\u00e4hr \u00fcbernehmen.<\/p><p data-start=\"967\" data-end=\"1271\"><strong data-start=\"967\" data-end=\"988\">Haftung f\u00fcr Links<\/strong><br data-start=\"988\" data-end=\"991\" \/>Unsere Website enth\u00e4lt ggf. Links zu externen Websites Dritter. Auf deren Inhalte haben wir keinen Einfluss. Deshalb \u00fcbernehmen wir f\u00fcr diese fremden Inhalte auch keine Gew\u00e4hr. F\u00fcr die Inhalte der verlinkten Seiten ist stets der jeweilige Anbieter oder Betreiber verantwortlich.<\/p><p><strong>QUELLENANGABEN F\u00dcR DIE VERWENDETEN BILDER UND GRAFIKEN:<\/strong>Elements.Envato.com<br \/>pexels.com<br \/>icons8.com<\/p><h3 data-start=\"1278\" data-end=\"1296\">Urheberrecht<\/h3><p data-start=\"1297\" data-end=\"1631\">Die auf dieser Website erstellten Inhalte und Werke unterliegen dem deutschen Urheberrecht. Beitr\u00e4ge Dritter sind als solche gekennzeichnet. Die Vervielf\u00e4ltigung, Bearbeitung, Verbreitung und jede Art der Verwertung au\u00dferhalb der Grenzen des Urheberrechts bed\u00fcrfen der schriftlichen Zustimmung des jeweiligen Autors bzw. Erstellers.<\/p>\t\t\t\t\t\t\t\t<\/div>\n\t\t\t\t\t<\/div>\n\t\t\t\t<\/div>\n\t\t\t\t<\/div>\n\t\t","protected":false},"excerpt":{"rendered":"<p>Fabrybau \u2013 Trockenbau &amp; BautenschutzEinzelunternehmenInhaber: Tobias Fabry Ziegelgartenstra\u00dfe 1\/171665 Vaihingen Enz Mobil: 0152 \/ 03 34 89 15E-Mail: t.fabry@fabrybau.de Verantwortlich f\u00fcr den Inhalt nach \u00a7 55 Abs. 2 RStV Tobias FabryZiegelgartenstra\u00dfe 1\/171665 Vaihingen Enz Zust\u00e4ndige Kammer Handwerkskammer Region Stuttgart Umsatzsteuer USt-IdNr.: DE360808362Steuernummer: 55117\/76348 \u00a0 \u00a0 Haftungsausschluss Haftung f\u00fcr InhalteDie Inhalte unserer Seiten wurden mit gr\u00f6\u00dfter&#8230;<\/p>\n","protected":false},"author":1,"featured_media":0,"parent":0,"menu_order":0,"comment_status":"closed","ping_status":"closed","template":"","meta":{"_kadence_starter_templates_imported_post":false,"_kad_post_transparent":"","_kad_post_title":"","_kad_post_layout":"","_kad_post_sidebar_id":"","_kad_post_content_style":"","_kad_post_vertical_padding":"","_kad_post_feature":"","_kad_post_feature_position":"","_kad_post_header":false,"_kad_post_footer":false,"footnotes":""},"class_list":["post-85","page","type-page","status-publish","hentry"],"_links":{"self":[{"href":"https:\/\/fabrybau.de\/index.php?rest_route=\/wp\/v2\/pages\/85","targetHints":{"allow":["GET"]}}],"collection":[{"href":"https:\/\/fabrybau.de\/index.php?rest_route=\/wp\/v2\/pages"}],"about":[{"href":"https:\/\/fabrybau.de\/index.php?rest_route=\/wp\/v2\/types\/page"}],"author":[{"embeddable":true,"href":"https:\/\/fabrybau.de\/index.php?rest_route=\/wp\/v2\/users\/1"}],"replies":[{"embeddable":true,"href":"https:\/\/fabrybau.de\/index.php?rest_route=%2Fwp%2Fv2%2Fcomments&post=85"}],"version-history":[{"count":10,"href":"https:\/\/fabrybau.de\/index.php?rest_route=\/wp\/v2\/pages\/85\/revisions"}],"predecessor-version":[{"id":164,"href":"https:\/\/fabrybau.de\/index.php?rest_route=\/wp\/v2\/pages\/85\/revisions\/164"}],"wp:attachment":[{"href":"https:\/\/fabrybau.de\/index.php?rest_route=%2Fwp%2Fv2%2Fmedia&parent=85"}],"curies":[{"name":"wp","href":"https:\/\/api.w.org\/{rel}","templated":true}]}}